{"id":868,"date":"2019-05-18T12:00:00","date_gmt":"2019-05-18T11:00:00","guid":{"rendered":"http:\/\/gaetandupin.com\/?page_id=868"},"modified":"2019-05-19T10:53:33","modified_gmt":"2019-05-19T09:53:33","slug":"balade-velo-a-la-journee","status":"publish","type":"page","link":"https:\/\/gaetandupin.com\/index.php\/balade-velo-a-la-journee\/","title":{"rendered":"Balade v\u00e9lo \u00e0 la journ\u00e9e"},"content":{"rendered":"\n<p>En qu\u00eate d&#8217;\u00e9vasion et de d\u00e9couvertes en plein air ou d&#8217;exp\u00e9riences plus sportives nous nous adaptons \u00e0 vos envies pour cr\u00e9er une journ\u00e9e sur mesure au c\u0153ur de la Provence.<\/p>\n\n\n\n<ul class=\"wp-block-gallery columns-3 is-cropped wp-block-gallery-1 is-layout-flex\"><li class=\"blocks-gallery-item\"><figure><img decoding=\"async\" loading=\"lazy\" width=\"629\" height=\"439\" src=\"http:\/\/gaetandupin.com\/wp-content\/uploads\/2019\/05\/20180713_144450-1-629x439.jpg\" alt=\"\" data-id=\"880\" data-link=\"http:\/\/gaetandupin.com\/index.php\/balade-velo-a-la-journee\/20180713_144450-2\/#main\" class=\"wp-image-880\" srcset=\"https:\/\/gaetandupin.com\/wp-content\/uploads\/2019\/05\/20180713_144450-1-629x439.jpg 629w, https:\/\/gaetandupin.com\/wp-content\/uploads\/2019\/05\/20180713_144450-1-300x209.jpg 300w\" sizes=\"(max-width: 629px) 100vw, 629px\" \/><\/figure><\/li><li class=\"blocks-gallery-item\"><figure><img decoding=\"async\" loading=\"lazy\" width=\"585\" height=\"439\" src=\"http:\/\/gaetandupin.com\/wp-content\/uploads\/2019\/05\/20190504_101625-1-585x439.jpg\" alt=\"\" data-id=\"881\" data-link=\"http:\/\/gaetandupin.com\/index.php\/balade-velo-a-la-journee\/20190504_101625-2\/#main\" class=\"wp-image-881\" srcset=\"https:\/\/gaetandupin.com\/wp-content\/uploads\/2019\/05\/20190504_101625-1-585x439.jpg 585w, https:\/\/gaetandupin.com\/wp-content\/uploads\/2019\/05\/20190504_101625-1-300x225.jpg 300w\" sizes=\"(max-width: 585px) 100vw, 585px\" \/><\/figure><\/li><li class=\"blocks-gallery-item\"><figure><img decoding=\"async\" loading=\"lazy\" width=\"646\" height=\"439\" src=\"http:\/\/gaetandupin.com\/wp-content\/uploads\/2019\/05\/20190514_133040-1-646x439.jpg\" alt=\"\" data-id=\"882\" data-link=\"http:\/\/gaetandupin.com\/index.php\/balade-velo-a-la-journee\/20190514_133040-2\/#main\" class=\"wp-image-882\" srcset=\"https:\/\/gaetandupin.com\/wp-content\/uploads\/2019\/05\/20190514_133040-1-646x439.jpg 646w, https:\/\/gaetandupin.com\/wp-content\/uploads\/2019\/05\/20190514_133040-1-300x204.jpg 300w\" sizes=\"(max-width: 646px) 100vw, 646px\" \/><\/figure><\/li><\/ul>\n\n\n\n<p>D\u00e9part depuis votre lieu de vacances  , de r\u00e9sidence ou d&#8217;un lieu plus adapt\u00e9 aux sites que vous souhaiteriez d\u00e9couvrir. Notre guide local se chargera d&#8217;acheminer les v\u00e9los et le mat\u00e9riel jusqu&#8217;au point de d\u00e9part et vous conduira le long d&#8217;un parcours durant lequel vous pourrez profiter de ses connaissances du  pays.<\/p>\n\n\n\n<ul class=\"wp-block-gallery columns-3 is-cropped wp-block-gallery-3 is-layout-flex\"><li class=\"blocks-gallery-item\"><figure><img decoding=\"async\" loading=\"lazy\" width=\"585\" height=\"439\" src=\"http:\/\/gaetandupin.com\/wp-content\/uploads\/2019\/05\/all4-585x439.jpg\" alt=\"\" data-id=\"921\" data-link=\"http:\/\/gaetandupin.com\/all4\/\" class=\"wp-image-921\" srcset=\"https:\/\/gaetandupin.com\/wp-content\/uploads\/2019\/05\/all4-585x439.jpg 585w, https:\/\/gaetandupin.com\/wp-content\/uploads\/2019\/05\/all4-300x225.jpg 300w\" sizes=\"(max-width: 585px) 100vw, 585px\" \/><\/figure><\/li><li class=\"blocks-gallery-item\"><figure><img decoding=\"async\" loading=\"lazy\" width=\"585\" height=\"439\" src=\"http:\/\/gaetandupin.com\/wp-content\/uploads\/2019\/05\/bli-585x439.jpg\" alt=\"\" data-id=\"923\" data-link=\"http:\/\/gaetandupin.com\/bli\/\" class=\"wp-image-923\" srcset=\"https:\/\/gaetandupin.com\/wp-content\/uploads\/2019\/05\/bli-585x439.jpg 585w, https:\/\/gaetandupin.com\/wp-content\/uploads\/2019\/05\/bli-300x225.jpg 300w\" sizes=\"(max-width: 585px) 100vw, 585px\" \/><\/figure><\/li><li class=\"blocks-gallery-item\"><figure><img decoding=\"async\" loading=\"lazy\" width=\"585\" height=\"439\" src=\"http:\/\/gaetandupin.com\/wp-content\/uploads\/2019\/05\/cli-585x439.jpg\" alt=\"\" data-id=\"922\" data-link=\"http:\/\/gaetandupin.com\/cli\/\" class=\"wp-image-922\" srcset=\"https:\/\/gaetandupin.com\/wp-content\/uploads\/2019\/05\/cli-585x439.jpg 585w, https:\/\/gaetandupin.com\/wp-content\/uploads\/2019\/05\/cli-300x225.jpg 300w\" sizes=\"(max-width: 585px) 100vw, 585px\" \/><\/figure><\/li><\/ul>\n\n\n\n<p>Pour le d\u00e9jeuner, offrez vous une pause \u00e0 la terrasse d&#8217;un restaurant ou un pique-nique atypique en for\u00eat pour faire de cette journ\u00e9e un moment encore plus d\u00e9paysant.  <\/p>\n\n\n\n<ul class=\"wp-block-gallery columns-3 is-cropped wp-block-gallery-5 is-layout-flex\"><li class=\"blocks-gallery-item\"><figure><img decoding=\"async\" loading=\"lazy\" width=\"329\" height=\"439\" src=\"http:\/\/gaetandupin.com\/wp-content\/uploads\/2019\/05\/Coq-329x439.jpg\" alt=\"\" data-id=\"901\" data-link=\"http:\/\/gaetandupin.com\/index.php\/balade-velo-a-la-journee\/coq\/#main\" class=\"wp-image-901\" srcset=\"https:\/\/gaetandupin.com\/wp-content\/uploads\/2019\/05\/Coq-329x439.jpg 329w, https:\/\/gaetandupin.com\/wp-content\/uploads\/2019\/05\/Coq-225x300.jpg 225w\" sizes=\"(max-width: 329px) 100vw, 329px\" \/><\/figure><\/li><li class=\"blocks-gallery-item\"><figure><img decoding=\"async\" loading=\"lazy\" width=\"390\" height=\"439\" src=\"http:\/\/gaetandupin.com\/wp-content\/uploads\/2019\/05\/degust-390x439.jpg\" alt=\"\" data-id=\"902\" data-link=\"http:\/\/gaetandupin.com\/index.php\/balade-velo-a-la-journee\/degust\/#main\" class=\"wp-image-902\" srcset=\"https:\/\/gaetandupin.com\/wp-content\/uploads\/2019\/05\/degust-390x439.jpg 390w, https:\/\/gaetandupin.com\/wp-content\/uploads\/2019\/05\/degust-266x300.jpg 266w\" sizes=\"(max-width: 390px) 100vw, 390px\" \/><\/figure><\/li><li class=\"blocks-gallery-item\"><figure><img decoding=\"async\" loading=\"lazy\" width=\"329\" height=\"439\" src=\"http:\/\/gaetandupin.com\/wp-content\/uploads\/2019\/05\/st-sat-329x439.jpg\" alt=\"\" data-id=\"906\" data-link=\"http:\/\/gaetandupin.com\/index.php\/balade-velo-a-la-journee\/st-sat\/#main\" class=\"wp-image-906\" srcset=\"https:\/\/gaetandupin.com\/wp-content\/uploads\/2019\/05\/st-sat-329x439.jpg 329w, https:\/\/gaetandupin.com\/wp-content\/uploads\/2019\/05\/st-sat-225x300.jpg 225w\" sizes=\"(max-width: 329px) 100vw, 329px\" \/><\/figure><\/li><\/ul>\n\n\n\n<p>Les diff\u00e9rentes options: <\/p>\n\n\n\n<ul><li>VTT \u00e9lectriques ou classiques<\/li><li>V\u00e9los confort  \u00e9lectriques ou classiques<\/li><li>V\u00e9los Route<\/li><li>Pique-nique ou Restaurant<\/li><li>Visites, d\u00e9gustations<\/li><li>Avec guide local ou en autonomie avec un parcours GPS<\/li><\/ul>\n\n\n\n<p><em>Informations, devis, r\u00e9servations<\/em> > <a rel=\"noreferrer noopener\" aria-label=\" (opens in a new tab)\" href=\"http:\/\/gaetandupin.com\/index.php\/contact\/\" target=\"_blank\">http:\/\/gaetandupin.com\/index.php\/contact\/<\/a><\/p>\n","protected":false},"excerpt":{"rendered":"<p>En qu\u00eate d&#8217;\u00e9vasion et de d\u00e9couvertes en plein air ou <a class=\"more-link\" href=\"https:\/\/gaetandupin.com\/index.php\/balade-velo-a-la-journee\/\">Lire plus &#8230;<\/a><\/p>\n","protected":false},"author":1,"featured_media":0,"parent":0,"menu_order":0,"comment_status":"closed","ping_status":"closed","template":"","meta":{"spay_email":""},"jetpack_sharing_enabled":true,"jetpack_shortlink":"https:\/\/wp.me\/P9Pb1p-e0","_links":{"self":[{"href":"https:\/\/gaetandupin.com\/index.php\/wp-json\/wp\/v2\/pages\/868"}],"collection":[{"href":"https:\/\/gaetandupin.com\/index.php\/wp-json\/wp\/v2\/pages"}],"about":[{"href":"https:\/\/gaetandupin.com\/index.php\/wp-json\/wp\/v2\/types\/page"}],"author":[{"embeddable":true,"href":"https:\/\/gaetandupin.com\/index.php\/wp-json\/wp\/v2\/users\/1"}],"replies":[{"embeddable":true,"href":"https:\/\/gaetandupin.com\/index.php\/wp-json\/wp\/v2\/comments?post=868"}],"version-history":[{"count":18,"href":"https:\/\/gaetandupin.com\/index.php\/wp-json\/wp\/v2\/pages\/868\/revisions"}],"predecessor-version":[{"id":934,"href":"https:\/\/gaetandupin.com\/index.php\/wp-json\/wp\/v2\/pages\/868\/revisions\/934"}],"wp:attachment":[{"href":"https:\/\/gaetandupin.com\/index.php\/wp-json\/wp\/v2\/media?parent=868"}],"curies":[{"name":"wp","href":"https:\/\/api.w.org\/{rel}","templated":true}]}}