{"id":828,"date":"2019-04-30T07:49:27","date_gmt":"2019-04-30T06:49:27","guid":{"rendered":"http:\/\/gaetandupin.com\/?page_id=828"},"modified":"2019-04-30T12:20:17","modified_gmt":"2019-04-30T11:20:17","slug":"hebergement","status":"publish","type":"page","link":"https:\/\/gaetandupin.com\/index.php\/hebergement\/","title":{"rendered":"H\u00e9bergement"},"content":{"rendered":"\n<p> <strong>La Pierre Droite :  D\u00e9tente , piscine et sport <\/strong><\/p>\n\n\n\n<div class=\"wp-block-image\"><figure class=\"aligncenter\"><img decoding=\"async\" loading=\"lazy\" width=\"3067\" height=\"3067\" src=\"http:\/\/gaetandupin.com\/wp-content\/uploads\/2019\/04\/1.jpg\" alt=\"\" class=\"wp-image-842\" srcset=\"https:\/\/gaetandupin.com\/wp-content\/uploads\/2019\/04\/1.jpg 3067w, https:\/\/gaetandupin.com\/wp-content\/uploads\/2019\/04\/1-90x90.jpg 90w, https:\/\/gaetandupin.com\/wp-content\/uploads\/2019\/04\/1-300x300.jpg 300w, https:\/\/gaetandupin.com\/wp-content\/uploads\/2019\/04\/1-439x439.jpg 439w, https:\/\/gaetandupin.com\/wp-content\/uploads\/2019\/04\/1-200x200.jpg 200w\" sizes=\"(max-width: 3067px) 100vw, 3067px\" \/><figcaption>Au premier plan la salle de sport avec terrasse sur le toit au second plan la maison<br><br><\/figcaption><\/figure><\/div>\n\n\n\n<p>A quelques minutes du village de Cabri\u00e8res d&#8217;Avignon , situ\u00e9e dans un quartier calme cette  maison en pierres d&#8217;environ 120m\u00b2 pour 5 personnes sera le lieu id\u00e9al pour profiter d&#8217;un  s\u00e9jour dans le Luberon et vous immerger dans la vie Provencale en  parcourant les routes et sentiers vous conduisant de villages en  villages \u00e0 la d\u00e9couverte du patrimoine et du savoir vivre local. Nous vous offrons \u00e9galement la possibilit\u00e9 de louer des v\u00e9los sur place  avec des parcours pr\u00e9-\u00e9tablis ou les services de guides \/ coach sportif  (sur r\u00e9servation)<\/p>\n\n\n\n<p>Description photo : <\/p>\n\n\n\n<ul class=\"wp-block-gallery columns-2 wp-block-gallery-1 is-layout-flex\"><li class=\"blocks-gallery-item\"><figure><img decoding=\"async\" loading=\"lazy\" width=\"595\" height=\"439\" src=\"http:\/\/gaetandupin.com\/wp-content\/uploads\/2019\/04\/20190321_103037-595x439.jpg\" alt=\"\" data-id=\"832\" data-link=\"http:\/\/gaetandupin.com\/?attachment_id=832#main\" class=\"wp-image-832\" srcset=\"https:\/\/gaetandupin.com\/wp-content\/uploads\/2019\/04\/20190321_103037-595x439.jpg 595w, https:\/\/gaetandupin.com\/wp-content\/uploads\/2019\/04\/20190321_103037-300x221.jpg 300w\" sizes=\"(max-width: 595px) 100vw, 595px\" \/><figcaption>Chambre  RDC lit 140 <\/figcaption><\/figure><\/li><li class=\"blocks-gallery-item\"><figure><img decoding=\"async\" loading=\"lazy\" width=\"585\" height=\"439\" src=\"http:\/\/gaetandupin.com\/wp-content\/uploads\/2019\/04\/20190321_094059-585x439.jpg\" alt=\"\" data-id=\"831\" data-link=\"http:\/\/gaetandupin.com\/?attachment_id=831#main\" class=\"wp-image-831\" srcset=\"https:\/\/gaetandupin.com\/wp-content\/uploads\/2019\/04\/20190321_094059-585x439.jpg 585w, https:\/\/gaetandupin.com\/wp-content\/uploads\/2019\/04\/20190321_094059-300x225.jpg 300w\" sizes=\"(max-width: 585px) 100vw, 585px\" \/><figcaption>Chambre 1er \u00e9tage avec WC<\/figcaption><\/figure><\/li><li class=\"blocks-gallery-item\"><figure><img decoding=\"async\" loading=\"lazy\" width=\"585\" height=\"439\" src=\"http:\/\/gaetandupin.com\/wp-content\/uploads\/2019\/04\/20190321_110831-585x439.jpg\" alt=\"\" data-id=\"834\" data-link=\"http:\/\/gaetandupin.com\/?attachment_id=834#main\" class=\"wp-image-834\" srcset=\"https:\/\/gaetandupin.com\/wp-content\/uploads\/2019\/04\/20190321_110831-585x439.jpg 585w, https:\/\/gaetandupin.com\/wp-content\/uploads\/2019\/04\/20190321_110831-300x225.jpg 300w\" sizes=\"(max-width: 585px) 100vw, 585px\" \/><figcaption>Coin lecture + clic\/clac<\/figcaption><\/figure><\/li><li class=\"blocks-gallery-item\"><figure><img decoding=\"async\" loading=\"lazy\" width=\"641\" height=\"439\" src=\"http:\/\/gaetandupin.com\/wp-content\/uploads\/2019\/04\/20190321_105919-641x439.jpg\" alt=\"\" data-id=\"833\" data-link=\"http:\/\/gaetandupin.com\/?attachment_id=833#main\" class=\"wp-image-833\" srcset=\"https:\/\/gaetandupin.com\/wp-content\/uploads\/2019\/04\/20190321_105919-641x439.jpg 641w, https:\/\/gaetandupin.com\/wp-content\/uploads\/2019\/04\/20190321_105919-300x205.jpg 300w\" sizes=\"(max-width: 641px) 100vw, 641px\" \/><figcaption>cuisine \u00e9quip\u00e9e<\/figcaption><\/figure><\/li><li class=\"blocks-gallery-item\"><figure><img decoding=\"async\" loading=\"lazy\" width=\"307\" height=\"439\" src=\"http:\/\/gaetandupin.com\/wp-content\/uploads\/2019\/04\/20190321_112227-307x439.jpg\" alt=\"\" data-id=\"837\" data-link=\"http:\/\/gaetandupin.com\/?attachment_id=837#main\" class=\"wp-image-837\" srcset=\"https:\/\/gaetandupin.com\/wp-content\/uploads\/2019\/04\/20190321_112227-307x439.jpg 307w, https:\/\/gaetandupin.com\/wp-content\/uploads\/2019\/04\/20190321_112227-210x300.jpg 210w\" sizes=\"(max-width: 307px) 100vw, 307px\" \/><figcaption>salle de bain avec douche italienne<\/figcaption><\/figure><\/li><li class=\"blocks-gallery-item\"><figure><img decoding=\"async\" loading=\"lazy\" width=\"329\" height=\"439\" src=\"http:\/\/gaetandupin.com\/wp-content\/uploads\/2019\/04\/20190321_110945-1-329x439.jpg\" alt=\"\" data-id=\"835\" data-link=\"http:\/\/gaetandupin.com\/?attachment_id=835#main\" class=\"wp-image-835\" srcset=\"https:\/\/gaetandupin.com\/wp-content\/uploads\/2019\/04\/20190321_110945-1-329x439.jpg 329w, https:\/\/gaetandupin.com\/wp-content\/uploads\/2019\/04\/20190321_110945-1-225x300.jpg 225w\" sizes=\"(max-width: 329px) 100vw, 329px\" \/><figcaption>Salon + coin repas<\/figcaption><\/figure><\/li><li class=\"blocks-gallery-item\"><figure><img decoding=\"async\" loading=\"lazy\" width=\"439\" height=\"439\" src=\"http:\/\/gaetandupin.com\/wp-content\/uploads\/2019\/04\/vue-drone-439x439.jpg\" alt=\"\" data-id=\"840\" data-link=\"http:\/\/gaetandupin.com\/?attachment_id=840#main\" class=\"wp-image-840\" srcset=\"https:\/\/gaetandupin.com\/wp-content\/uploads\/2019\/04\/vue-drone-439x439.jpg 439w, https:\/\/gaetandupin.com\/wp-content\/uploads\/2019\/04\/vue-drone-90x90.jpg 90w, https:\/\/gaetandupin.com\/wp-content\/uploads\/2019\/04\/vue-drone-300x300.jpg 300w, https:\/\/gaetandupin.com\/wp-content\/uploads\/2019\/04\/vue-drone-200x200.jpg 200w\" sizes=\"(max-width: 439px) 100vw, 439px\" \/><figcaption>piscine \u00e0 partager avec le propri\u00e9taire<\/figcaption><\/figure><\/li><li class=\"blocks-gallery-item\"><figure><img decoding=\"async\" loading=\"lazy\" width=\"439\" height=\"439\" src=\"http:\/\/gaetandupin.com\/wp-content\/uploads\/2019\/04\/4-439x439.jpg\" alt=\"\" data-id=\"839\" data-link=\"http:\/\/gaetandupin.com\/?attachment_id=839#main\" class=\"wp-image-839\" srcset=\"https:\/\/gaetandupin.com\/wp-content\/uploads\/2019\/04\/4-439x439.jpg 439w, https:\/\/gaetandupin.com\/wp-content\/uploads\/2019\/04\/4-90x90.jpg 90w, https:\/\/gaetandupin.com\/wp-content\/uploads\/2019\/04\/4-300x300.jpg 300w, https:\/\/gaetandupin.com\/wp-content\/uploads\/2019\/04\/4-200x200.jpg 200w\" sizes=\"(max-width: 439px) 100vw, 439px\" \/><figcaption>terrain de p\u00e9tanque <\/figcaption><\/figure><\/li><\/ul>\n\n\n\n<p>\u00c9galement : <br><\/p>\n\n\n\n<ul><li>Coin Plancha<\/li><li>Barbecue <\/li><li>parking priv\u00e9<\/li><li><\/li><\/ul>\n\n\n\n<p><br><\/p>\n","protected":false},"excerpt":{"rendered":"<p>La Pierre Droite : D\u00e9tente , piscine et sport A <a class=\"more-link\" href=\"https:\/\/gaetandupin.com\/index.php\/hebergement\/\">Lire plus &#8230;<\/a><\/p>\n","protected":false},"author":1,"featured_media":0,"parent":0,"menu_order":0,"comment_status":"closed","ping_status":"closed","template":"","meta":{"spay_email":""},"jetpack_sharing_enabled":true,"jetpack_shortlink":"https:\/\/wp.me\/P9Pb1p-dm","_links":{"self":[{"href":"https:\/\/gaetandupin.com\/index.php\/wp-json\/wp\/v2\/pages\/828"}],"collection":[{"href":"https:\/\/gaetandupin.com\/index.php\/wp-json\/wp\/v2\/pages"}],"about":[{"href":"https:\/\/gaetandupin.com\/index.php\/wp-json\/wp\/v2\/types\/page"}],"author":[{"embeddable":true,"href":"https:\/\/gaetandupin.com\/index.php\/wp-json\/wp\/v2\/users\/1"}],"replies":[{"embeddable":true,"href":"https:\/\/gaetandupin.com\/index.php\/wp-json\/wp\/v2\/comments?post=828"}],"version-history":[{"count":6,"href":"https:\/\/gaetandupin.com\/index.php\/wp-json\/wp\/v2\/pages\/828\/revisions"}],"predecessor-version":[{"id":855,"href":"https:\/\/gaetandupin.com\/index.php\/wp-json\/wp\/v2\/pages\/828\/revisions\/855"}],"wp:attachment":[{"href":"https:\/\/gaetandupin.com\/index.php\/wp-json\/wp\/v2\/media?parent=828"}],"curies":[{"name":"wp","href":"https:\/\/api.w.org\/{rel}","templated":true}]}}