{"id":7,"date":"2016-03-16T16:42:45","date_gmt":"2016-03-16T15:42:45","guid":{"rendered":"http:\/\/gaetandupin.com\/?page_id=7"},"modified":"2026-03-31T10:25:23","modified_gmt":"2026-03-31T09:25:23","slug":"news","status":"publish","type":"page","link":"https:\/\/gaetandupin.com\/","title":{"rendered":""},"content":{"rendered":"\n<h4 class=\"wp-block-heading\">Bienvenue<\/h4>\n\n\n\n<p>Quelle que soit la monture choisie ( VTT, route , VAE&#8230; ) nous prenons soin de r\u00e9pondre \u00e0 vos demandes avec passion pour vous offrir la plus belle exp\u00e9rience possible en Provence.<br><br>-Randonn\u00e9e VTT ou route accompagn\u00e9e<br>-Stage de pilotage, perfectionnement, r\u00e9glages<br>-Sortie d&#8217;entreprise <br>-Activit\u00e9 sur mesure<\/p>\n\n\n\n<div class=\"wp-block-group is-layout-flow\"><div class=\"wp-block-group__inner-container\">\n<div class=\"wp-block-group is-layout-flow\"><div class=\"wp-block-group__inner-container\">\n<hr class=\"wp-block-separator has-alpha-channel-opacity\"\/>\n\n\n\n<p>L&#8217;exp\u00e9rience VTT \/ VTTAE en Provence<\/p>\n\n\n\n<figure class=\"wp-block-embed is-type-video is-provider-youtube wp-block-embed-youtube wp-embed-aspect-16-9 wp-has-aspect-ratio\"><div class=\"wp-block-embed__wrapper\">\n<span class=\"embed-youtube\" style=\"text-align:center; display: block;\"><iframe loading=\"lazy\" class=\"youtube-player\" width=\"780\" height=\"439\" src=\"https:\/\/www.youtube.com\/embed\/oqPLSv25frg?version=3&#038;rel=1&#038;showsearch=0&#038;showinfo=1&#038;iv_load_policy=1&#038;fs=1&#038;hl=en-US&#038;autohide=2&#038;wmode=transparent\" allowfullscreen=\"true\" style=\"border:0;\" sandbox=\"allow-scripts allow-same-origin allow-popups allow-presentation\"><\/iframe><\/span>\n<\/div><\/figure>\n\n\n\n<p>L&#8217;exp\u00e9rience v\u00e9lo d\u00e9couverte \/ VAE en Provence<\/p>\n\n\n\n<figure class=\"wp-block-embed is-type-video is-provider-youtube wp-block-embed-youtube wp-embed-aspect-16-9 wp-has-aspect-ratio\"><div class=\"wp-block-embed__wrapper\">\n<span class=\"embed-youtube\" style=\"text-align:center; display: block;\"><iframe loading=\"lazy\" class=\"youtube-player\" width=\"780\" height=\"439\" src=\"https:\/\/www.youtube.com\/embed\/_gpkFWnlsgA?version=3&#038;rel=1&#038;showsearch=0&#038;showinfo=1&#038;iv_load_policy=1&#038;fs=1&#038;hl=en-US&#038;autohide=2&#038;wmode=transparent\" allowfullscreen=\"true\" style=\"border:0;\" sandbox=\"allow-scripts allow-same-origin allow-popups allow-presentation\"><\/iframe><\/span>\n<\/div><\/figure>\n<\/div><\/div>\n<\/div><\/div>\n","protected":false},"excerpt":{"rendered":"<p>Bienvenue Quelle que soit la monture choisie ( VTT, route <a class=\"more-link\" href=\"https:\/\/gaetandupin.com\/\">Lire plus &#8230;<\/a><\/p>\n","protected":false},"author":1,"featured_media":0,"parent":0,"menu_order":0,"comment_status":"closed","ping_status":"closed","template":"","meta":{"spay_email":""},"jetpack_sharing_enabled":true,"jetpack_shortlink":"https:\/\/wp.me\/P9Pb1p-7","_links":{"self":[{"href":"https:\/\/gaetandupin.com\/index.php\/wp-json\/wp\/v2\/pages\/7"}],"collection":[{"href":"https:\/\/gaetandupin.com\/index.php\/wp-json\/wp\/v2\/pages"}],"about":[{"href":"https:\/\/gaetandupin.com\/index.php\/wp-json\/wp\/v2\/types\/page"}],"author":[{"embeddable":true,"href":"https:\/\/gaetandupin.com\/index.php\/wp-json\/wp\/v2\/users\/1"}],"replies":[{"embeddable":true,"href":"https:\/\/gaetandupin.com\/index.php\/wp-json\/wp\/v2\/comments?post=7"}],"version-history":[{"count":100,"href":"https:\/\/gaetandupin.com\/index.php\/wp-json\/wp\/v2\/pages\/7\/revisions"}],"predecessor-version":[{"id":1522,"href":"https:\/\/gaetandupin.com\/index.php\/wp-json\/wp\/v2\/pages\/7\/revisions\/1522"}],"wp:attachment":[{"href":"https:\/\/gaetandupin.com\/index.php\/wp-json\/wp\/v2\/media?parent=7"}],"curies":[{"name":"wp","href":"https:\/\/api.w.org\/{rel}","templated":true}]}}