{"id":61,"date":"2016-03-16T17:13:53","date_gmt":"2016-03-16T16:13:53","guid":{"rendered":"http:\/\/gaetandupin.com\/?page_id=61"},"modified":"2025-04-17T15:33:09","modified_gmt":"2025-04-17T14:33:09","slug":"contact","status":"publish","type":"page","link":"https:\/\/gaetandupin.com\/index.php\/contact\/","title":{"rendered":"Contact"},"content":{"rendered":"<p>Pour nous contacter merci d&#8217;\u00e9crire \u00e0 <a href=\"mailto:contact@gaetandupin.com\">contact@gaetandupin.com<\/a><\/p>\n<p>Mentions l\u00e9gales :<\/p>\n<p>Gaetan Dupin Moniteur MCF Dipl\u00f4m\u00e9 d&#8217;\u00e9tat<\/p>\n<p>Responsable du site Gaetan Dupin<br \/>\n06 89 74 13 70<br \/>\nn\u00b0 Siret : 799 998 356 00015<br \/>\nActivit\u00e9 Principale exerc\u00e9e : 8551Z ( enseignement de disciplines sportives et d&#8217;activit\u00e9s de loisirs )<br \/>\n84220 Cabri\u00e8res d&#8217;Avignon<\/p>\n<p>Site h\u00e9berg\u00e9 par OVH SAS<\/p>\n","protected":false},"excerpt":{"rendered":"<p>Pour nous contacter merci d&#8217;\u00e9crire \u00e0 contact@gaetandupin.com Mentions l\u00e9gales : <a class=\"more-link\" href=\"https:\/\/gaetandupin.com\/index.php\/contact\/\">Lire plus &#8230;<\/a><\/p>\n","protected":false},"author":1,"featured_media":0,"parent":0,"menu_order":0,"comment_status":"closed","ping_status":"closed","template":"","meta":{"spay_email":""},"jetpack_sharing_enabled":true,"jetpack_shortlink":"https:\/\/wp.me\/P9Pb1p-Z","_links":{"self":[{"href":"https:\/\/gaetandupin.com\/index.php\/wp-json\/wp\/v2\/pages\/61"}],"collection":[{"href":"https:\/\/gaetandupin.com\/index.php\/wp-json\/wp\/v2\/pages"}],"about":[{"href":"https:\/\/gaetandupin.com\/index.php\/wp-json\/wp\/v2\/types\/page"}],"author":[{"embeddable":true,"href":"https:\/\/gaetandupin.com\/index.php\/wp-json\/wp\/v2\/users\/1"}],"replies":[{"embeddable":true,"href":"https:\/\/gaetandupin.com\/index.php\/wp-json\/wp\/v2\/comments?post=61"}],"version-history":[{"count":8,"href":"https:\/\/gaetandupin.com\/index.php\/wp-json\/wp\/v2\/pages\/61\/revisions"}],"predecessor-version":[{"id":1499,"href":"https:\/\/gaetandupin.com\/index.php\/wp-json\/wp\/v2\/pages\/61\/revisions\/1499"}],"wp:attachment":[{"href":"https:\/\/gaetandupin.com\/index.php\/wp-json\/wp\/v2\/media?parent=61"}],"curies":[{"name":"wp","href":"https:\/\/api.w.org\/{rel}","templated":true}]}}