{"id":48,"date":"2016-03-16T17:05:11","date_gmt":"2016-03-16T16:05:11","guid":{"rendered":"http:\/\/gaetandupin.com\/?page_id=48"},"modified":"2024-04-12T12:11:55","modified_gmt":"2024-04-12T11:11:55","slug":"partenaires","status":"publish","type":"page","link":"https:\/\/gaetandupin.com\/index.php\/partenaires\/","title":{"rendered":"Partenaires"},"content":{"rendered":"\n<p>Un clin d\u2019\u0153il \u00e0 plusieurs enseignes qui me permettent depuis de rouler bien \u00e9quip\u00e9 <\/p>\n\n\n\n<hr class=\"wp-block-separator has-alpha-channel-opacity\"\/>\n\n\n\n<p class=\"has-text-align-center\">Prot\u00e9g\u00e9 depuis 2013 par la marque de casques Fran\u00e7aise et engag\u00e9e en faveur de l&#8217;environnement<\/p>\n\n\n\n<p class=\"has-text-align-center\"> <a href=\"https:\/\/www.urgebike.com\/\"><strong>Urge Bike product <\/strong><\/a> vous aurez l&#8217;occasion de tester leurs casques si vous profitez d&#8217;une sortie incluant la location d&#8217;un v\u00e9lo <\/p>\n\n\n\n<figure class=\"wp-block-image size-large\"><img decoding=\"async\" loading=\"lazy\" width=\"800\" height=\"224\" src=\"http:\/\/gaetandupin.com\/wp-content\/uploads\/2024\/03\/Urge_Logo1-800x224.png\" alt=\"\" class=\"wp-image-1386\" srcset=\"https:\/\/gaetandupin.com\/wp-content\/uploads\/2024\/03\/Urge_Logo1-800x224.png 800w, https:\/\/gaetandupin.com\/wp-content\/uploads\/2024\/03\/Urge_Logo1-300x84.png 300w, https:\/\/gaetandupin.com\/wp-content\/uploads\/2024\/03\/Urge_Logo1-1536x430.png 1536w, https:\/\/gaetandupin.com\/wp-content\/uploads\/2024\/03\/Urge_Logo1-2048x573.png 2048w\" sizes=\"(max-width: 800px) 100vw, 800px\" \/><\/figure>\n\n\n\n<hr class=\"wp-block-separator has-alpha-channel-opacity\"\/>\n\n\n\n<p>Un freinage optimal avec des produits Fran\u00e7ais et responsables.De quoi \u00eatre fier de ce partenariat avec la marque <a rel=\"noreferrer noopener\" href=\"https:\/\/www.brake-authority.com\/fr\/\" target=\"_blank\">Brake Authority <\/a> qui offre une gamme compl\u00e8te de consommables de freins d\u00e9velopp\u00e9s par des pilotes et sensible \u00e0 la cause environnementale. vous aurez l&#8217;occasion de tester leurs produits si vous profitez d&#8217;une sortie incluant la location d&#8217;un v\u00e9lo <\/p>\n\n\n\n<figure class=\"wp-block-image size-large\"><img decoding=\"async\" loading=\"lazy\" width=\"800\" height=\"191\" src=\"http:\/\/gaetandupin.com\/wp-content\/uploads\/2024\/04\/brake-authority20221-800x191.png\" alt=\"\" class=\"wp-image-1404\" srcset=\"https:\/\/gaetandupin.com\/wp-content\/uploads\/2024\/04\/brake-authority20221-800x191.png 800w, https:\/\/gaetandupin.com\/wp-content\/uploads\/2024\/04\/brake-authority20221-300x72.png 300w, https:\/\/gaetandupin.com\/wp-content\/uploads\/2024\/04\/brake-authority20221.png 1411w\" sizes=\"(max-width: 800px) 100vw, 800px\" \/><\/figure>\n","protected":false},"excerpt":{"rendered":"<p>Un clin d\u2019\u0153il \u00e0 plusieurs enseignes qui me permettent depuis <a class=\"more-link\" href=\"https:\/\/gaetandupin.com\/index.php\/partenaires\/\">Lire plus &#8230;<\/a><\/p>\n","protected":false},"author":1,"featured_media":0,"parent":0,"menu_order":0,"comment_status":"closed","ping_status":"closed","template":"","meta":{"spay_email":""},"jetpack_sharing_enabled":true,"jetpack_shortlink":"https:\/\/wp.me\/P9Pb1p-M","_links":{"self":[{"href":"https:\/\/gaetandupin.com\/index.php\/wp-json\/wp\/v2\/pages\/48"}],"collection":[{"href":"https:\/\/gaetandupin.com\/index.php\/wp-json\/wp\/v2\/pages"}],"about":[{"href":"https:\/\/gaetandupin.com\/index.php\/wp-json\/wp\/v2\/types\/page"}],"author":[{"embeddable":true,"href":"https:\/\/gaetandupin.com\/index.php\/wp-json\/wp\/v2\/users\/1"}],"replies":[{"embeddable":true,"href":"https:\/\/gaetandupin.com\/index.php\/wp-json\/wp\/v2\/comments?post=48"}],"version-history":[{"count":17,"href":"https:\/\/gaetandupin.com\/index.php\/wp-json\/wp\/v2\/pages\/48\/revisions"}],"predecessor-version":[{"id":1405,"href":"https:\/\/gaetandupin.com\/index.php\/wp-json\/wp\/v2\/pages\/48\/revisions\/1405"}],"wp:attachment":[{"href":"https:\/\/gaetandupin.com\/index.php\/wp-json\/wp\/v2\/media?parent=48"}],"curies":[{"name":"wp","href":"https:\/\/api.w.org\/{rel}","templated":true}]}}