{"id":45,"date":"2016-03-16T16:53:46","date_gmt":"2016-03-16T15:53:46","guid":{"rendered":"http:\/\/gaetandupin.com\/?page_id=45"},"modified":"2025-03-03T10:25:51","modified_gmt":"2025-03-03T09:25:51","slug":"bio","status":"publish","type":"page","link":"https:\/\/gaetandupin.com\/index.php\/bio\/","title":{"rendered":"Bio"},"content":{"rendered":"<p><img decoding=\"async\" loading=\"lazy\" class=\"aligncenter wp-image-1467 size-large\" src=\"http:\/\/gaetandupin.com\/wp-content\/uploads\/2024\/12\/DSC00010-294x439.jpg\" alt=\"\" width=\"294\" height=\"439\" srcset=\"https:\/\/gaetandupin.com\/wp-content\/uploads\/2024\/12\/DSC00010-294x439.jpg 294w, https:\/\/gaetandupin.com\/wp-content\/uploads\/2024\/12\/DSC00010-201x300.jpg 201w, https:\/\/gaetandupin.com\/wp-content\/uploads\/2024\/12\/DSC00010.jpg 1025w\" sizes=\"(max-width: 294px) 100vw, 294px\" \/>Passionn\u00e9 par la nature et les sports extr\u00eames depuis mon plus jeune age , c&#8217;est au regret de ma famille que j&#8217;ai pris un bon appuis sur la barri\u00e8re du stade de foot pour me diriger vers le champ de bosses en contre-bas.<\/p>\n<p>Uniquement focalis\u00e9 sur les disciplines freestyle de 2006 \u00e0 2012 , j&#8217;ai pu acqu\u00e9rir de solides bases et quelques r\u00e9sultats honorables au niveau national.<\/p>\n<p>Sans perdre de vue ma passion pour les actions a\u00e9riennes , mon envie de d\u00e9couverte et de grands espaces m&#8217;ont rapidement conduits aux travers des sentiers et des routes de la r\u00e9gion voir m\u00eame du pays. L&#8217;enduro c&#8217;est alors rapidement pr\u00e9sent\u00e9 comme la discipline qui collait \u00e0 ma vision du v\u00e9lo et dans laquelle je prenais un maximum de plaisir.<\/p>\n<p>Une bonne dose de courage, un peu de d\u00e9termination et beaucoup d&#8217;entrainement pour le dirter qui n&#8217;avait jamais align\u00e9 plus de 5 tours de p\u00e9dale et direction les coupes de France d&#8217;enduro o\u00f9 j&#8217;int\u00e8gre le top 20 la premi\u00e8re saison puis le top 10 en 2015.<\/p>\n<p>En parall\u00e8le de \u00e7a et face \u00e0 mon envie grandissante de partager ma passion , j&#8217;ai obtenu en 2014 mon BPJEPS activit\u00e9s du cyclisme qui me permet d&#8217;encadrer dans la disciplines et de vous faire partager un morceau de mon exp\u00e9rience et de ma passion.<\/p>\n<p>Je vous dis \u00e0 bient\u00f4t au d\u00e9tour d&#8217;un sentier , \u00e0 la reception d&#8217;un saut ou au sommet du Mont Ventoux.<\/p>\n<p>Gaetan .<\/p>\n","protected":false},"excerpt":{"rendered":"<p>Passionn\u00e9 par la nature et les sports extr\u00eames depuis mon <a class=\"more-link\" href=\"https:\/\/gaetandupin.com\/index.php\/bio\/\">Lire plus &#8230;<\/a><\/p>\n","protected":false},"author":1,"featured_media":0,"parent":0,"menu_order":0,"comment_status":"closed","ping_status":"closed","template":"","meta":{"spay_email":""},"jetpack_sharing_enabled":true,"jetpack_shortlink":"https:\/\/wp.me\/P9Pb1p-J","_links":{"self":[{"href":"https:\/\/gaetandupin.com\/index.php\/wp-json\/wp\/v2\/pages\/45"}],"collection":[{"href":"https:\/\/gaetandupin.com\/index.php\/wp-json\/wp\/v2\/pages"}],"about":[{"href":"https:\/\/gaetandupin.com\/index.php\/wp-json\/wp\/v2\/types\/page"}],"author":[{"embeddable":true,"href":"https:\/\/gaetandupin.com\/index.php\/wp-json\/wp\/v2\/users\/1"}],"replies":[{"embeddable":true,"href":"https:\/\/gaetandupin.com\/index.php\/wp-json\/wp\/v2\/comments?post=45"}],"version-history":[{"count":12,"href":"https:\/\/gaetandupin.com\/index.php\/wp-json\/wp\/v2\/pages\/45\/revisions"}],"predecessor-version":[{"id":1488,"href":"https:\/\/gaetandupin.com\/index.php\/wp-json\/wp\/v2\/pages\/45\/revisions\/1488"}],"wp:attachment":[{"href":"https:\/\/gaetandupin.com\/index.php\/wp-json\/wp\/v2\/media?parent=45"}],"curies":[{"name":"wp","href":"https:\/\/api.w.org\/{rel}","templated":true}]}}