{"id":30,"date":"2016-03-16T16:49:16","date_gmt":"2016-03-16T15:49:16","guid":{"rendered":"http:\/\/gaetandupin.com\/?page_id=30"},"modified":"2024-07-21T07:48:04","modified_gmt":"2024-07-21T06:48:04","slug":"groupe","status":"publish","type":"page","link":"https:\/\/gaetandupin.com\/index.php\/groupe\/","title":{"rendered":"Groupes"},"content":{"rendered":"<p style=\"text-align: center;\">Disposant d&#8217;un relief vari\u00e9 et de nombreux points d&#8217;int\u00e9r\u00eat permettant d&#8217;\u00e9tablir des parcours de qualit\u00e9s,avec une sortie d&#8217;autoroute \u00e0 15 minutes , une gare TGV \u00e0 30 minutes et un a\u00e9roport \u00e0 moins d&#8217;une heure , le Luberon se retrouve \u00e0 votre porte o\u00f9 que vous soyez.<\/p>\n<p style=\"text-align: center;\"><strong>Programme v\u00e9lo sur mesure<br \/>\n<\/strong><\/p>\n<p style=\"text-align: left;\">Vous voulez d\u00e9couvrir la Provence \u00e0 v\u00e9lo avec vos amis , pas de probl\u00e8me &gt; nous \u00e9tablirons ensemble un programme qui fasse de votre s\u00e9jour sportif une r\u00e9ussite en tous points.<\/p>\n<p style=\"text-align: center;\"><img decoding=\"async\" loading=\"lazy\" class=\"aligncenter wp-image-1430 size-large\" style=\"text-align: center;\" src=\"http:\/\/gaetandupin.com\/wp-content\/uploads\/2024\/06\/3725-1-659x439.jpg\" alt=\"\" width=\"659\" height=\"439\" srcset=\"https:\/\/gaetandupin.com\/wp-content\/uploads\/2024\/06\/3725-1-659x439.jpg 659w, https:\/\/gaetandupin.com\/wp-content\/uploads\/2024\/06\/3725-1-300x200.jpg 300w, https:\/\/gaetandupin.com\/wp-content\/uploads\/2024\/06\/3725-1-1536x1024.jpg 1536w, https:\/\/gaetandupin.com\/wp-content\/uploads\/2024\/06\/3725-1.jpg 2048w\" sizes=\"(max-width: 659px) 100vw, 659px\" \/><strong>Sortie v\u00e9lo entreprises \/ collectivit\u00e9s<br \/>\n<\/strong><\/p>\n<p style=\"text-align: left;\">Quoi de mieux qu&#8217;une activit\u00e9 sportive d&#8217;entreprise pour souder et motiver vos \u00e9quipes ?<\/p>\n<p style=\"text-align: left;\">Sortie r\u00e9cr\u00e9ative \/ culturelle ou d&#8217;int\u00e9gration, envoyez moi vos attentes et je ferais en sorte d&#8217;adapter l&#8217;activit\u00e9 et le programme pour que vos collaborateurs\/employ\u00e9s en sortent ravis.<\/p>\n<p style=\"text-align: left;\"><img decoding=\"async\" loading=\"lazy\" class=\"aligncenter size-large wp-image-1189\" src=\"http:\/\/gaetandupin.com\/wp-content\/uploads\/2021\/01\/117-658x439.jpg\" alt=\"\" width=\"658\" height=\"439\" srcset=\"https:\/\/gaetandupin.com\/wp-content\/uploads\/2021\/01\/117-658x439.jpg 658w, https:\/\/gaetandupin.com\/wp-content\/uploads\/2021\/01\/117-300x200.jpg 300w, https:\/\/gaetandupin.com\/wp-content\/uploads\/2021\/01\/117-1536x1024.jpg 1536w, https:\/\/gaetandupin.com\/wp-content\/uploads\/2021\/01\/117-2048x1365.jpg 2048w\" sizes=\"(max-width: 658px) 100vw, 658px\" \/><\/p>\n<p style=\"text-align: center;\">\n","protected":false},"excerpt":{"rendered":"<p>Disposant d&#8217;un relief vari\u00e9 et de nombreux points d&#8217;int\u00e9r\u00eat permettant <a class=\"more-link\" href=\"https:\/\/gaetandupin.com\/index.php\/groupe\/\">Lire plus &#8230;<\/a><\/p>\n","protected":false},"author":1,"featured_media":325,"parent":0,"menu_order":0,"comment_status":"closed","ping_status":"closed","template":"","meta":{"spay_email":""},"jetpack_sharing_enabled":true,"jetpack_shortlink":"https:\/\/wp.me\/P9Pb1p-u","_links":{"self":[{"href":"https:\/\/gaetandupin.com\/index.php\/wp-json\/wp\/v2\/pages\/30"}],"collection":[{"href":"https:\/\/gaetandupin.com\/index.php\/wp-json\/wp\/v2\/pages"}],"about":[{"href":"https:\/\/gaetandupin.com\/index.php\/wp-json\/wp\/v2\/types\/page"}],"author":[{"embeddable":true,"href":"https:\/\/gaetandupin.com\/index.php\/wp-json\/wp\/v2\/users\/1"}],"replies":[{"embeddable":true,"href":"https:\/\/gaetandupin.com\/index.php\/wp-json\/wp\/v2\/comments?post=30"}],"version-history":[{"count":24,"href":"https:\/\/gaetandupin.com\/index.php\/wp-json\/wp\/v2\/pages\/30\/revisions"}],"predecessor-version":[{"id":1460,"href":"https:\/\/gaetandupin.com\/index.php\/wp-json\/wp\/v2\/pages\/30\/revisions\/1460"}],"wp:featuredmedia":[{"embeddable":true,"href":"https:\/\/gaetandupin.com\/index.php\/wp-json\/wp\/v2\/media\/325"}],"wp:attachment":[{"href":"https:\/\/gaetandupin.com\/index.php\/wp-json\/wp\/v2\/media?parent=30"}],"curies":[{"name":"wp","href":"https:\/\/api.w.org\/{rel}","templated":true}]}}