{"id":28,"date":"2016-03-16T16:48:46","date_gmt":"2016-03-16T15:48:46","guid":{"rendered":"http:\/\/gaetandupin.com\/?page_id=28"},"modified":"2024-06-29T10:07:53","modified_gmt":"2024-06-29T09:07:53","slug":"coaching","status":"publish","type":"page","link":"https:\/\/gaetandupin.com\/index.php\/coaching\/","title":{"rendered":"Coaching"},"content":{"rendered":"<p style=\"text-align: center;\">Vous voulez am\u00e9liorer votre pratique et atteindre vos objectifs , je suis \u00e0 votre \u00e9coute pour \u00e9tablir un suivi personnalis\u00e9.<\/p>\n<p><img decoding=\"async\" loading=\"lazy\" class=\"aligncenter size-large wp-image-1057\" src=\"http:\/\/gaetandupin.com\/wp-content\/uploads\/2020\/02\/urge_2019__026-1-658x439.jpg\" alt=\"\" width=\"658\" height=\"439\" srcset=\"https:\/\/gaetandupin.com\/wp-content\/uploads\/2020\/02\/urge_2019__026-1-658x439.jpg 658w, https:\/\/gaetandupin.com\/wp-content\/uploads\/2020\/02\/urge_2019__026-1-300x200.jpg 300w, https:\/\/gaetandupin.com\/wp-content\/uploads\/2020\/02\/urge_2019__026-1-1536x1025.jpg 1536w, https:\/\/gaetandupin.com\/wp-content\/uploads\/2020\/02\/urge_2019__026-1-2048x1367.jpg 2048w\" sizes=\"(max-width: 658px) 100vw, 658px\" \/><\/p>\n<p style=\"text-align: center;\"><strong>Enduro<\/strong> <strong>\/ DH\u00a0<\/strong><\/p>\n<p style=\"text-align: center;\">Pr\u00e9paration physique, mat\u00e9rielle, mentale, gestion de course sont autant de points essentiels qu&#8217;il est bon de mettre en \u0153uvre dans le bon sens pour performer dans ces disciplines exigeantes.<\/p>\n<p><em>Mat\u00e9riel de pointe, ateliers techniques, pr\u00e9paration, shuttles,\u00a0 settings suspensions,\u00a0 analyse vid\u00e9o, analyse r\u00e9sultats rien ne sera laiss\u00e9 au hasard pour vous conduire vers vos objectifs.<\/em><\/p>\n<hr \/>\n<p><img decoding=\"async\" loading=\"lazy\" class=\"aligncenter size-large wp-image-1056\" src=\"http:\/\/gaetandupin.com\/wp-content\/uploads\/2020\/02\/urge_2019__017-1-659x439.jpg\" alt=\"\" width=\"659\" height=\"439\" srcset=\"https:\/\/gaetandupin.com\/wp-content\/uploads\/2020\/02\/urge_2019__017-1-659x439.jpg 659w, https:\/\/gaetandupin.com\/wp-content\/uploads\/2020\/02\/urge_2019__017-1-300x200.jpg 300w, https:\/\/gaetandupin.com\/wp-content\/uploads\/2020\/02\/urge_2019__017-1-1536x1024.jpg 1536w, https:\/\/gaetandupin.com\/wp-content\/uploads\/2020\/02\/urge_2019__017-1-2048x1365.jpg 2048w\" sizes=\"(max-width: 659px) 100vw, 659px\" \/><\/p>\n<p style=\"text-align: center;\"><strong>Perfectionnement Global<br \/>\n<\/strong><\/p>\n<p>Que vous soyez cyclistes , motards , skieurs ou pilotes , la polyvalence est la cl\u00e9 de la r\u00e9ussite. Osez tester de nouvelles disciplines compatibles avec votre sport pour venir compl\u00e9ter vos habilet\u00e9s et repousser vos limites.<\/p>\n<p style=\"text-align: center;\"><em>Trial , pumptrack , dirt , route , enduro , DH , XC , BMX &#8230; Nous travaillerons sur un programme en coh\u00e9rence avec votre pratique pour \u00e9largir et renforcer vos capacit\u00e9s.<\/em><\/p>\n<hr \/>\n<p style=\"text-align: center;\"><img decoding=\"async\" loading=\"lazy\" class=\"aligncenter wp-image-88\" src=\"http:\/\/gaetandupin.com\/wp-content\/uploads\/2016\/03\/DROZPHOTO_Gaetan-Dupin-Elie-Robert_77659.jpg\" alt=\"DROZPHOTO_Gaetan Dupin Elie Robert_77659\" width=\"800\" height=\"533\" srcset=\"https:\/\/gaetandupin.com\/wp-content\/uploads\/2016\/03\/DROZPHOTO_Gaetan-Dupin-Elie-Robert_77659.jpg 1000w, https:\/\/gaetandupin.com\/wp-content\/uploads\/2016\/03\/DROZPHOTO_Gaetan-Dupin-Elie-Robert_77659-300x200.jpg 300w, https:\/\/gaetandupin.com\/wp-content\/uploads\/2016\/03\/DROZPHOTO_Gaetan-Dupin-Elie-Robert_77659-659x439.jpg 659w\" sizes=\"(max-width: 800px) 100vw, 800px\" \/><\/p>\n<p style=\"text-align: center;\"><strong> Dirt \/ Freeride <\/strong><\/p>\n<p style=\"text-align: left;\">C&#8217;est avec une exp\u00e9rience consid\u00e9rable dans le domaine que je ferais en sorte de vous transmettre les conseils et techniques pour atteindre vos objectifs dans les meilleures conditions.<\/p>\n<p style=\"text-align: center;\"><em>Analyse vid\u00e9o , entrainement terrain , pr\u00e9paration physique et mentale , gestion des risques sont des axes sur lesquels nous travaillerons.<br \/>\n<\/em><\/p>\n<p style=\"text-align: center;\">\n","protected":false},"excerpt":{"rendered":"<p>Vous voulez am\u00e9liorer votre pratique et atteindre vos objectifs , <a class=\"more-link\" href=\"https:\/\/gaetandupin.com\/index.php\/coaching\/\">Lire plus &#8230;<\/a><\/p>\n","protected":false},"author":1,"featured_media":476,"parent":0,"menu_order":0,"comment_status":"closed","ping_status":"closed","template":"","meta":{"spay_email":""},"jetpack_sharing_enabled":true,"jetpack_shortlink":"https:\/\/wp.me\/P9Pb1p-s","_links":{"self":[{"href":"https:\/\/gaetandupin.com\/index.php\/wp-json\/wp\/v2\/pages\/28"}],"collection":[{"href":"https:\/\/gaetandupin.com\/index.php\/wp-json\/wp\/v2\/pages"}],"about":[{"href":"https:\/\/gaetandupin.com\/index.php\/wp-json\/wp\/v2\/types\/page"}],"author":[{"embeddable":true,"href":"https:\/\/gaetandupin.com\/index.php\/wp-json\/wp\/v2\/users\/1"}],"replies":[{"embeddable":true,"href":"https:\/\/gaetandupin.com\/index.php\/wp-json\/wp\/v2\/comments?post=28"}],"version-history":[{"count":16,"href":"https:\/\/gaetandupin.com\/index.php\/wp-json\/wp\/v2\/pages\/28\/revisions"}],"predecessor-version":[{"id":1456,"href":"https:\/\/gaetandupin.com\/index.php\/wp-json\/wp\/v2\/pages\/28\/revisions\/1456"}],"wp:featuredmedia":[{"embeddable":true,"href":"https:\/\/gaetandupin.com\/index.php\/wp-json\/wp\/v2\/media\/476"}],"wp:attachment":[{"href":"https:\/\/gaetandupin.com\/index.php\/wp-json\/wp\/v2\/media?parent=28"}],"curies":[{"name":"wp","href":"https:\/\/api.w.org\/{rel}","templated":true}]}}