{"id":24,"date":"2016-03-16T16:47:20","date_gmt":"2016-03-16T15:47:20","guid":{"rendered":"http:\/\/gaetandupin.com\/?page_id=24"},"modified":"2018-12-14T09:02:27","modified_gmt":"2018-12-14T08:02:27","slug":"initiation","status":"publish","type":"page","link":"https:\/\/gaetandupin.com\/index.php\/initiation\/","title":{"rendered":"Initiation"},"content":{"rendered":"<p style=\"text-align: left;\">Peu importe votre age ou votre condition physique , il n&#8217;est jamais trop tard pour acqu\u00e9rir les bonnes bases afin de pratiquer le v\u00e9lo en toute confiance et s\u00e9curit\u00e9.<\/p>\n<p>En tant que moniteur je saurais mettre en place des exercices et petits ateliers pour vous transmettre toutes les habilet\u00e9s n\u00e9cessaire \u00e0 la pratique du v\u00e9lo.<\/p>\n<p style=\"text-align: center;\"><img decoding=\"async\" loading=\"lazy\" class=\"aligncenter wp-image-75 size-large\" src=\"http:\/\/gaetandupin.com\/wp-content\/uploads\/2016\/03\/IMG_8103-1024x768.jpg\" alt=\"IMG_8103\" width=\"780\" height=\"585\" \/><\/p>\n","protected":false},"excerpt":{"rendered":"<p>Peu importe votre age ou votre condition physique , il <a class=\"more-link\" href=\"https:\/\/gaetandupin.com\/index.php\/initiation\/\">Lire plus &#8230;<\/a><\/p>\n","protected":false},"author":1,"featured_media":220,"parent":0,"menu_order":0,"comment_status":"closed","ping_status":"closed","template":"","meta":{"spay_email":""},"jetpack_sharing_enabled":true,"jetpack_shortlink":"https:\/\/wp.me\/P9Pb1p-o","_links":{"self":[{"href":"https:\/\/gaetandupin.com\/index.php\/wp-json\/wp\/v2\/pages\/24"}],"collection":[{"href":"https:\/\/gaetandupin.com\/index.php\/wp-json\/wp\/v2\/pages"}],"about":[{"href":"https:\/\/gaetandupin.com\/index.php\/wp-json\/wp\/v2\/types\/page"}],"author":[{"embeddable":true,"href":"https:\/\/gaetandupin.com\/index.php\/wp-json\/wp\/v2\/users\/1"}],"replies":[{"embeddable":true,"href":"https:\/\/gaetandupin.com\/index.php\/wp-json\/wp\/v2\/comments?post=24"}],"version-history":[{"count":12,"href":"https:\/\/gaetandupin.com\/index.php\/wp-json\/wp\/v2\/pages\/24\/revisions"}],"predecessor-version":[{"id":686,"href":"https:\/\/gaetandupin.com\/index.php\/wp-json\/wp\/v2\/pages\/24\/revisions\/686"}],"wp:featuredmedia":[{"embeddable":true,"href":"https:\/\/gaetandupin.com\/index.php\/wp-json\/wp\/v2\/media\/220"}],"wp:attachment":[{"href":"https:\/\/gaetandupin.com\/index.php\/wp-json\/wp\/v2\/media?parent=24"}],"curies":[{"name":"wp","href":"https:\/\/api.w.org\/{rel}","templated":true}]}}