{"id":236,"date":"2016-05-13T12:16:06","date_gmt":"2016-05-13T11:16:06","guid":{"rendered":"http:\/\/gaetandupin.com\/?page_id=236"},"modified":"2024-06-22T09:47:39","modified_gmt":"2024-06-22T08:47:39","slug":"actu","status":"publish","type":"page","link":"https:\/\/gaetandupin.com\/index.php\/actu\/","title":{"rendered":"Actu"},"content":{"rendered":"<div class=\"wp-block-image\">\n<figure class=\"aligncenter size-large\"><img decoding=\"async\" loading=\"lazy\" width=\"2268\" height=\"1701\" src=\"http:\/\/gaetandupin.com\/wp-content\/uploads\/2024\/06\/image02-edited.jpeg\" alt=\"\" class=\"wp-image-1443\" srcset=\"https:\/\/gaetandupin.com\/wp-content\/uploads\/2024\/06\/image02-edited.jpeg 2268w, https:\/\/gaetandupin.com\/wp-content\/uploads\/2024\/06\/image02-edited-300x225.jpeg 300w, https:\/\/gaetandupin.com\/wp-content\/uploads\/2024\/06\/image02-edited-585x439.jpeg 585w, https:\/\/gaetandupin.com\/wp-content\/uploads\/2024\/06\/image02-edited-1536x1152.jpeg 1536w, https:\/\/gaetandupin.com\/wp-content\/uploads\/2024\/06\/image02-edited-2048x1536.jpeg 2048w\" sizes=\"(max-width: 2268px) 100vw, 2268px\" \/><\/figure><\/div>\n\n\n<p class=\"has-text-align-center\">Balade \u00e0 v\u00e9lo guid\u00e9e \u00e0 la d\u00e9couverte des joyaux du Luberon, ici le Pont Julien enjambant le Calavon depuis plus de 2000 ans. <\/p>\n\n\n\n<hr class=\"wp-block-separator has-alpha-channel-opacity\"\/>\n\n\n<div class=\"wp-block-image\">\n<figure class=\"aligncenter size-large\"><img decoding=\"async\" loading=\"lazy\" width=\"659\" height=\"439\" src=\"http:\/\/gaetandupin.com\/wp-content\/uploads\/2024\/06\/3725-1-659x439.jpg\" alt=\"\" class=\"wp-image-1430\" srcset=\"https:\/\/gaetandupin.com\/wp-content\/uploads\/2024\/06\/3725-1-659x439.jpg 659w, https:\/\/gaetandupin.com\/wp-content\/uploads\/2024\/06\/3725-1-300x200.jpg 300w, https:\/\/gaetandupin.com\/wp-content\/uploads\/2024\/06\/3725-1-1536x1024.jpg 1536w, https:\/\/gaetandupin.com\/wp-content\/uploads\/2024\/06\/3725-1.jpg 2048w\" sizes=\"(max-width: 659px) 100vw, 659px\" \/><\/figure><\/div>\n\n\n<p class=\"has-text-align-center\">Trois belles journ\u00e9es de VTT entre C\u00f4te d&#8217;Azur et Luberon sur des parcours \u00e9tablis et rep\u00e9r\u00e9s en avance pour ne garder que le meilleur et le plus adapt\u00e9 aux attentes du groupe<\/p>\n\n\n\n<hr class=\"wp-block-separator has-alpha-channel-opacity\"\/>\n\n\n\n<figure class=\"wp-block-image size-large\"><img decoding=\"async\" loading=\"lazy\" width=\"1125\" height=\"1502\" src=\"http:\/\/gaetandupin.com\/wp-content\/uploads\/2024\/05\/IMG_2900-edited.jpg\" alt=\"\" class=\"wp-image-1421\" srcset=\"https:\/\/gaetandupin.com\/wp-content\/uploads\/2024\/05\/IMG_2900-edited.jpg 1125w, https:\/\/gaetandupin.com\/wp-content\/uploads\/2024\/05\/IMG_2900-edited-225x300.jpg 225w, https:\/\/gaetandupin.com\/wp-content\/uploads\/2024\/05\/IMG_2900-edited-329x439.jpg 329w\" sizes=\"(max-width: 1125px) 100vw, 1125px\" \/><\/figure>\n\n\n\n<p class=\"has-text-align-center\">Les sorties guid\u00e9es \u00e0 VTT ou VTTAE sont toujours l&#8217;occasion de d\u00e9couvrir des endroits insolites dont la Provence regorge, le tout en faisant de l&#8217;exercice et en s&#8217;amusant. Contactez-nous pour  planifier votre prochaine sortie VTT en Provence <\/p>\n\n\n\n<hr class=\"wp-block-separator has-alpha-channel-opacity\"\/>\n\n\n\n<p> <figure class=\"wp-block-image size-large is-resized\"><img decoding=\"async\" width=\"820\" class=\"wp-image-1411\" src=\"http:\/\/gaetandupin.com\/wp-content\/uploads\/2024\/04\/e7fdc4b6-8153-4c5b-867f-5ebe6a2bf2fe-edited-1.jpg\" alt=\"\" srcset=\"https:\/\/gaetandupin.com\/wp-content\/uploads\/2024\/04\/e7fdc4b6-8153-4c5b-867f-5ebe6a2bf2fe-edited-1.jpg 1200w, https:\/\/gaetandupin.com\/wp-content\/uploads\/2024\/04\/e7fdc4b6-8153-4c5b-867f-5ebe6a2bf2fe-edited-1-300x187.jpg 300w, https:\/\/gaetandupin.com\/wp-content\/uploads\/2024\/04\/e7fdc4b6-8153-4c5b-867f-5ebe6a2bf2fe-edited-1-703x439.jpg 703w\" sizes=\"(max-width: 1200px) 100vw, 1200px\" \/><\/figure><p class=\"has-text-align-center\"> 3 journ\u00e9es de gravel guid\u00e9es entre Ventoux et Luberon, l&#8217;occasion de d\u00e9couvrir le territoire autrement en jonglant entre routes et chemins. <\/p><\/p>\n\n\n\n<hr class=\"wp-block-separator has-alpha-channel-opacity\"\/>\n\n\n\n<figure class=\"wp-block-image size-large\"><img decoding=\"async\" loading=\"lazy\" width=\"780\" height=\"439\" src=\"http:\/\/gaetandupin.com\/wp-content\/uploads\/2024\/04\/IMG_2144-780x439.jpg\" alt=\"\" class=\"wp-image-1396\" srcset=\"https:\/\/gaetandupin.com\/wp-content\/uploads\/2024\/04\/IMG_2144-780x439.jpg 780w, https:\/\/gaetandupin.com\/wp-content\/uploads\/2024\/04\/IMG_2144-300x169.jpg 300w, https:\/\/gaetandupin.com\/wp-content\/uploads\/2024\/04\/IMG_2144-1536x864.jpg 1536w, https:\/\/gaetandupin.com\/wp-content\/uploads\/2024\/04\/IMG_2144-2048x1152.jpg 2048w, https:\/\/gaetandupin.com\/wp-content\/uploads\/2024\/04\/IMG_2144-350x197.jpg 350w, https:\/\/gaetandupin.com\/wp-content\/uploads\/2024\/04\/IMG_2144-860x484.jpg 860w\" sizes=\"(max-width: 780px) 100vw, 780px\" \/><\/figure>\n\n\n\n<p class=\"has-text-align-center\">La neige borde encore les cot\u00e9s de la route mais les conditions furent exceptionnelles pour la premi\u00e8re ascension guid\u00e9e du Mont Ventoux.<\/p>\n\n\n<p><!--EndFragment--><\/p>\n\n\n<hr class=\"wp-block-separator has-alpha-channel-opacity\"\/>\n\n\n<div class=\"wp-block-image\">\n<figure class=\"aligncenter\"><img decoding=\"async\" loading=\"lazy\" width=\"659\" height=\"439\" src=\"http:\/\/gaetandupin.com\/wp-content\/uploads\/2024\/03\/1-3542-659x439.jpg\" alt=\"\" class=\"wp-image-1370\" srcset=\"https:\/\/gaetandupin.com\/wp-content\/uploads\/2024\/03\/1-3542-659x439.jpg 659w, https:\/\/gaetandupin.com\/wp-content\/uploads\/2024\/03\/1-3542-300x200.jpg 300w, https:\/\/gaetandupin.com\/wp-content\/uploads\/2024\/03\/1-3542-1536x1024.jpg 1536w, https:\/\/gaetandupin.com\/wp-content\/uploads\/2024\/03\/1-3542.jpg 2048w\" sizes=\"(max-width: 659px) 100vw, 659px\" \/><\/figure><\/div>\n\n\n<p>Premi\u00e8re course de l\u2019ann\u00e9e apr\u00e8s un bon bloc technique pour les jeunes du VTTLuberon.<\/p>\n\n\n\n<p class=\"has-text-align-center\">Beaucoup de plaisir pour tous , de beaux gestes et quelques chronos honorables avec en prime un podium en cat\u00e9gorie pour Robin.<br>L\u2019occasion pour moi de remettre une plaque apr\u00e8s un an sans course, au final 13\u00b0 sur environ 150 et un maximum de plaisir<\/p>\n\n\n<p><!--EndFragment--><\/p>\n<p><!--StartFragment--><\/p>\n<p><!--EndFragment--><\/p>\n<hr>\n<p><!--StartFragment--><\/p>\n<p><!--EndFragment--><\/p>","protected":false},"excerpt":{"rendered":"<p>Balade \u00e0 v\u00e9lo guid\u00e9e \u00e0 la d\u00e9couverte des joyaux du <a class=\"more-link\" href=\"https:\/\/gaetandupin.com\/index.php\/actu\/\">Lire plus &#8230;<\/a><\/p>\n","protected":false},"author":1,"featured_media":0,"parent":0,"menu_order":0,"comment_status":"closed","ping_status":"closed","template":"","meta":{"spay_email":""},"jetpack_sharing_enabled":true,"jetpack_shortlink":"https:\/\/wp.me\/P9Pb1p-3O","_links":{"self":[{"href":"https:\/\/gaetandupin.com\/index.php\/wp-json\/wp\/v2\/pages\/236"}],"collection":[{"href":"https:\/\/gaetandupin.com\/index.php\/wp-json\/wp\/v2\/pages"}],"about":[{"href":"https:\/\/gaetandupin.com\/index.php\/wp-json\/wp\/v2\/types\/page"}],"author":[{"embeddable":true,"href":"https:\/\/gaetandupin.com\/index.php\/wp-json\/wp\/v2\/users\/1"}],"replies":[{"embeddable":true,"href":"https:\/\/gaetandupin.com\/index.php\/wp-json\/wp\/v2\/comments?post=236"}],"version-history":[{"count":69,"href":"https:\/\/gaetandupin.com\/index.php\/wp-json\/wp\/v2\/pages\/236\/revisions"}],"predecessor-version":[{"id":1446,"href":"https:\/\/gaetandupin.com\/index.php\/wp-json\/wp\/v2\/pages\/236\/revisions\/1446"}],"wp:attachment":[{"href":"https:\/\/gaetandupin.com\/index.php\/wp-json\/wp\/v2\/media?parent=236"}],"curies":[{"name":"wp","href":"https:\/\/api.w.org\/{rel}","templated":true}]}}