{"id":1274,"date":"2022-01-04T09:30:23","date_gmt":"2022-01-04T08:30:23","guid":{"rendered":"http:\/\/gaetandupin.com\/?page_id=1274"},"modified":"2022-01-04T09:30:24","modified_gmt":"2022-01-04T08:30:24","slug":"conditions-generales-de-location","status":"publish","type":"page","link":"https:\/\/gaetandupin.com\/index.php\/conditions-generales-de-location\/","title":{"rendered":"Conditions g\u00e9n\u00e9rales de location"},"content":{"rendered":"\n<p>CONDITIONS GENERALES DE LOCATION <strong>GD Cycling Experience<\/strong><\/p>\n\n\n\n<p>Article 1 &#8211; Objet du contrat:<\/p>\n\n\n\n<p>La location d&#8217;un V\u00e9lo avec ou sans Accessoires, dot\u00e9 des \u00e9quipements de base fournis par GD CyclingExperience (Gaetan Dupin ) , ci-apr\u00e8s d\u00e9nomm\u00e9e &#8220;le loueur &#8220;.<br>Le V\u00e9lo, ses Accessoires et son Equipement de base lou\u00e9s  pris seul ou collectivement, sont d\u00e9sign\u00e9s, &#8220;biens Lou\u00e9s&#8221;<\/p>\n\n\n\n<p>Article 2 &#8211; Equipements de base du V\u00e9lo:<\/p>\n\n\n\n<p>Chaque V\u00e9lo lou\u00e9 est \u00e9quip\u00e9 de casque, antivol , kit de r\u00e9paration , support smartphone <\/p>\n\n\n\n<p>Article 3 &#8211; Conditions d&#8217;utilisation:<\/p>\n\n\n\n<p>Le locataire certifie \u00eatre apte \u00e0 pouvoir se servir des biens lou\u00e9s et d\u00e9clare ne pas avoir de contre-indication m\u00e9dicale.<br>Tout mineur doit \u00eatre accompagn\u00e9 par une personne majeure responsable.<\/p>\n\n\n\n<p>Le locataire s&#8217;engage \u00e0 respecter le code de la route. Le port du casque par le locataire est fortement conseill\u00e9 par le loueur.<br>Le locataire s&#8217;engage \u00e0 utiliser lui-m\u00eame les biens lou\u00e9s. <br>Le locataire s&#8217;interdit d&#8217;intervenir sur les biens lou\u00e9s en cas de panne sans l&#8217;accord du loueur. Le locataire s&#8217;engage \u00e0 utiliser les Biens Lou\u00e9s en bon p\u00e8re de famille. Il est gardien des Biens Lou\u00e9s et demeure responsable de leur utilisation tant \u00e0 l&#8217;\u00e9gard des biens lou\u00e9s eux-m\u00eames qu&#8217;\u00e0 l&#8217;\u00e9gard des tiers.<br><br><strong>Lors du stationnement du V\u00e9lo, il est obligatoire pour le locataire de poser l&#8217;antivol <br>Porte Bagages: Leur utilisation est strictement limit\u00e9e au port d&#8217;objets non volumineux Il ne peut en aucun cas servir \u00e0 transporter une personne.<\/strong><br>Remorque enfant: Son usage est limit\u00e9 \u00e0 1 enfant de 2 \u00e0 6 ans pour un poids global n&#8217;exc\u00e9dant pas 28 kg.<br>Le locataire a interdiction d&#8217;utiliser des chemins non appropri\u00e9s au v\u00e9lo qu&#8217;il a lou\u00e9.<br><\/p>\n\n\n\n<p>Article 4 &#8211; Assistance<\/p>\n\n\n\n<p>Le locataire b\u00e9n\u00e9ficie d&#8217;une assistance en cas de casse des biens lou\u00e9s , d&#8217;incident ou d&#8217;accident. Le loueur s&#8217;engage \u00e0 d\u00e9p\u00eacher sur place, dans les meilleurs d\u00e9lais, un d\u00e9panneur. Cette assistance est g\u00e9ographiquement limit\u00e9e aux routes accessibles aux v\u00e9hicules \u00e0 moteur, \u00e0 charge, le cas \u00e9ch\u00e9ant, pour le locataire de rejoindre une route accessible.<br>Cette assistance est disponible 7 jours sur 7 de 8h \u00e0 18h30<br>L&#8217;assistance est gratuite:<br>&#8211;  En cas de probl\u00e8me inh\u00e9rent au V\u00e9lo (casse, rupture d&#8217;un c\u00e2ble de frein&#8230;).<br>Les probl\u00e8mes de type d\u00e9raillement, \u00e9puisement de la batterie, crevaison&#8230; ne sont pas couvert dans l&#8217;assistance.<br>Lorsque l&#8217;assistance du loueur est sollicit\u00e9e hors les cas de prise en charge, le locataire en supportera le co\u00fbt fix\u00e9 forfaitairement \u00e0 30 \u20ac TTC par intervention.<\/p>\n\n\n\n<p>Article 5 &#8211; Prise d&#8217;effet, mise \u00e0 disposition et restitution:<\/p>\n\n\n\n<p>La location prend effet au moment o\u00f9 le locataire prend possession des Biens Lou\u00e9s qui lui sont livr\u00e9s.<br>Le pr\u00e9sent contrat n&#8217;est en vigueur que pour la dur\u00e9e de la location. Si le locataire conserve le V\u00e9lo et les Accessoires au-del\u00e0 de cette p\u00e9riode sans avoir r\u00e9gularis\u00e9 sa situation, il perd le b\u00e9n\u00e9fice des garanties pr\u00e9vues au contrat. <\/p>\n\n\n\n<p><strong>Le locataire reconna\u00eet avoir re\u00e7u les biens lou\u00e9s en bon \u00e9tat de fonctionnement avec l&#8217;\u00e9quipement de base. Il d\u00e9clare avoir eu personnellement toute latitude pour v\u00e9rifier les Biens Lou\u00e9s et les choisir conform\u00e9ment \u00e0 ses besoins.<br>Le locataire s&#8217;engage \u00e0 restituer les  <strong>biens lou\u00e9s<\/strong>  dans l&#8217;\u00e9tat dans lesquels il les a lou\u00e9s, except\u00e9 l&#8217;usure normale.<\/strong><\/p>\n\n\n\n<p>Article 6- Paiement et modes de r\u00e8glement de la prestation:<\/p>\n\n\n\n<p>L&#8217;ensemble de la prestation est r\u00e9gl\u00e9e par le locataire dans les conditions suivantes:<br>&#8211; au moment de la conclusion du contrat en cas de mise \u00e0 disposition imm\u00e9diate des Biens Lou\u00e9s<br>&#8211; au moment de la commande en cas de r\u00e9servation in situ ou par internet.<br>Les modes de r\u00e8glement accept\u00e9s sont: par carte bancaire et en esp\u00e8ces.<br>Dans tous les cas la caution est prise au moment de la mise \u00e0 disposition des Biens Lou\u00e9s<\/p>\n\n\n\n<p>Article 7 &#8211; R\u00e9servation &#8211; Annulation<\/p>\n\n\n\n<p>La r\u00e9servation entraine le versement de 30% d\u2019acompte , en cas d&#8217;annulation plus de 7 jours avant celui ci peut \u00eatre rembours\u00e9, en cas d&#8217;annulation entre le jour J et 7 jours avant celui ci l&#8217;acompte sera conserv\u00e9 \u00e0 titre de d\u00e9dommagement <br>Les frais d&#8217;annulation ne seront pas vers\u00e9s lorsque l&#8217;annulation est caus\u00e9e par la maladie dument justifi\u00e9 du locataire, ou en cas de conditions m\u00e9t\u00e9orologiques d\u00e9testables av\u00e9r\u00e9es (mistral avec rafales<br>de plus de 80km\/h, temp\u00eate de pluie ou de neige)<br><\/p>\n\n\n\n<p>Article 8 &#8211; Responsabilit\u00e9 <\/p>\n\n\n\n<p> Le locataire s&#8217;engage \u00e0 utiliser les biens lou\u00e9s en bon p\u00e8re de famille. A ce titre, il demeure seul responsable des d\u00e9gradations subis par les biens lou\u00e9s et des cons\u00e9quences corporelles,<br>mat\u00e9rielles et immat\u00e9rielles des accidents de toute nature \u00e0 l&#8217;exclusion de celles ayant pour cause une d\u00e9faillance des biens lou\u00e9s.<br>Le locataire d\u00e9clare \u00eatre titulaire d&#8217;une assurance personnelle en responsabilit\u00e9 civile qui garantit la responsabilit\u00e9 encourue \u00e0 l&#8217;occasion de l&#8217;utilisation des biens lou\u00e9s tant par lui-m\u00eame, les personnes dont il a la garde que ses pr\u00e9pos\u00e9s. le locataire ne b\u00e9n\u00e9ficie d&#8217;aucune couverture pour les dommages ou le vol subis par les   biens lou\u00e9s  et engage personnellement sa responsabilit\u00e9 \u00e0 raison des dits dommages, casse et vol. Les dommages subis par les  biens lou\u00e9s , le vol ou la perte des   biens lou\u00e9s s seront factur\u00e9s au locataire selon le tarif<br>en vigueur fix\u00e9 ci-apr\u00e8s &#8220;nomenclature des pi\u00e8ces d\u00e9grad\u00e9es&#8221;.<br><\/p>\n\n\n\n<p><br><\/p>\n\n\n\n<p>Article 9 &#8211; Caution:<br>Lors de la mise \u00e0 disposition des Biens Lou\u00e9s, le locataire s&#8217;engage \u00e0 remettre une pi\u00e8ce d&#8217;identit\u00e9 valide au loueur. A la restitution des Biens Lou\u00e9s la caution est restitu\u00e9e au locataire.<br>Le locataire autorise le loueur \u00e0 demander les sommes dues:<br>&#8211; en r\u00e9paration des d\u00e9gradations et vol dont les co\u00fbts sont fix\u00e9s ci-apr\u00e8s:&#8221;nomenclature des pi\u00e8ces d\u00e9grad\u00e9es&#8221;.<br>&#8211; \u00e0 titre d&#8217;indemnisation pour restitution tardive des biens lou\u00e9s.<br>Il est express\u00e9ment convenu que le montant de la caution ne saurait en aucun cas constituer une limite de garantie, le loueur conservant, le cas \u00e9ch\u00e9ant, le droit de poursuivre le locataire \u00e0 l&#8217;effet d&#8217;obtenir l&#8217;entier d\u00e9dommagement de son pr\u00e9judice.<br><\/p>\n\n\n\n<p>Article 11 &#8211; Restitution:<br>La restitution des Biens Lou\u00e9s se fera \u00e0 l&#8217;\u00e9ch\u00e9ance fix\u00e9 par le loueur \u00e0 l&#8217;\u00e9criture du contrat <br><br>Toute restitution tardive donnera lieu \u00e0 l&#8217;application d&#8217;une p\u00e9nalit\u00e9 forfaitaire \u00e9gale au tarif d&#8217;une journ\u00e9e de location par demi -journ\u00e9e ou journ\u00e9e de retard.<br><\/p>\n\n\n\n<p>Article 12- Eviction du loueur:<br>Les Biens Lou\u00e9s ne peuvent \u00eatre ni c\u00e9d\u00e9s, ni remis en garantie. Le locataire s&#8217;engage d&#8217;une fa\u00e7on g\u00e9n\u00e9rale \u00e0 ne consentir \u00e0 l&#8217;\u00e9gard des biens lou\u00e9s aucun droit, r\u00e9el ou autre, au profit de quiconque, susceptible d&#8217;en affecter la jouissance ou d&#8217;en limiter la disponibilit\u00e9 ou la pleine propri\u00e9t\u00e9 du loueur.<\/p>\n\n\n\n<p><br>Nomenclature des pi\u00e8ces d\u00e9grad\u00e9es<\/p>\n\n\n\n<p><br>VTC Electrique NCM 1800\u20ac : -roue 120\u20ac \/\/ selle 30\u20ac \/\/ fourche 120\u20ac \/\/ p\u00e9dale 30\u20ac \/\/  levier de frein 80\u20ac <\/p>\n\n\n\n<p><br>VTT ELECTRIQUE Rocky Mountain 5000\u20ac: -roue 250\u20ac \/\/ selle 30\u20ac \/\/ fourche 1000\u20ac \/\/ p\u00e9dale 35\u20ac \/ levier de frein 80\u20ac<\/p>\n","protected":false},"excerpt":{"rendered":"<p>CONDITIONS GENERALES DE LOCATION GD Cycling Experience Article 1 &#8211; <a class=\"more-link\" href=\"https:\/\/gaetandupin.com\/index.php\/conditions-generales-de-location\/\">Lire plus &#8230;<\/a><\/p>\n","protected":false},"author":1,"featured_media":0,"parent":0,"menu_order":0,"comment_status":"closed","ping_status":"closed","template":"","meta":{"spay_email":""},"jetpack_sharing_enabled":true,"jetpack_shortlink":"https:\/\/wp.me\/P9Pb1p-ky","_links":{"self":[{"href":"https:\/\/gaetandupin.com\/index.php\/wp-json\/wp\/v2\/pages\/1274"}],"collection":[{"href":"https:\/\/gaetandupin.com\/index.php\/wp-json\/wp\/v2\/pages"}],"about":[{"href":"https:\/\/gaetandupin.com\/index.php\/wp-json\/wp\/v2\/types\/page"}],"author":[{"embeddable":true,"href":"https:\/\/gaetandupin.com\/index.php\/wp-json\/wp\/v2\/users\/1"}],"replies":[{"embeddable":true,"href":"https:\/\/gaetandupin.com\/index.php\/wp-json\/wp\/v2\/comments?post=1274"}],"version-history":[{"count":1,"href":"https:\/\/gaetandupin.com\/index.php\/wp-json\/wp\/v2\/pages\/1274\/revisions"}],"predecessor-version":[{"id":1275,"href":"https:\/\/gaetandupin.com\/index.php\/wp-json\/wp\/v2\/pages\/1274\/revisions\/1275"}],"wp:attachment":[{"href":"https:\/\/gaetandupin.com\/index.php\/wp-json\/wp\/v2\/media?parent=1274"}],"curies":[{"name":"wp","href":"https:\/\/api.w.org\/{rel}","templated":true}]}}